{"id":471,"date":"2023-12-15T18:17:07","date_gmt":"2023-12-15T17:17:07","guid":{"rendered":"https:\/\/ferien-wohnung-zermatt.ch\/mentions-legales\/"},"modified":"2026-01-06T14:18:08","modified_gmt":"2026-01-06T13:18:08","slug":"mentions-legales","status":"publish","type":"page","link":"https:\/\/www.haustelemark.ch\/fr\/mentions-legales\/","title":{"rendered":"Mentions l\u00e9gales"},"content":{"rendered":"\n<div class=\"wp-block-uagb-container uagb-block-6222d61b alignfull uagb-is-root-container\"><div class=\"uagb-container-inner-blocks-wrap\">\n<div style=\"height:50px\" aria-hidden=\"true\" class=\"wp-block-spacer\"><\/div>\n\n\n<h1 style=\"color:#fffffc;\" class=\"has-text-align-center wp-block-post-title has-text-color\">Mentions l\u00e9gales<\/h1><\/div><\/div>\n\n<div class=\"wp-block-uagb-container uagb-block-9668a39f alignfull uagb-is-root-container\"><div class=\"uagb-container-inner-blocks-wrap\">\n<p><strong>Instance responsable :<\/strong><br\/>Zurniwen's Telemark Zermatt AG<br\/>Schluhmattstrasse 64<br\/>3920 Zermatt<br\/>Suisse<br\/><strong>E-mail :<\/strong> <a href=\"mailto:info@haustelemark.ch\">info@haustelemark.ch<\/a><\/p>\n\n\n\n<p><strong>Personnes autoris\u00e9es \u00e0 repr\u00e9senter l'<\/strong>entreprise<br\/>Stephanie Zurniwen<\/p>\n\n\n\n<p><strong>Nom de la soci\u00e9t\u00e9<\/strong>: Zurniwen's Telemark Zermatt AG<br\/><strong>Num\u00e9ro d'enregistrement<\/strong>: CHE-447.223.182<br\/><strong>Num\u00e9ro d'identification de la taxe sur la valeur ajout\u00e9e<\/strong>: CHE-447.223.182 TVA<\/p>\n\n\n\n<p><strong>Clause de non-responsabilit\u00e9<\/strong><br\/>L'auteur ne garantit pas la v\u00e9racit\u00e9, l'exactitude, l'actualit\u00e9, la fiabilit\u00e9 et l'exhaustivit\u00e9 des informations.<br\/>L'auteur ne saurait \u00eatre tenu responsable des dommages mat\u00e9riels ou immat\u00e9riels qui pourraient \u00eatre caus\u00e9s par l'acc\u00e8s aux informations diffus\u00e9es ou par leur utilisation ou non-utilisation, par le mauvais usage de la connexion ou par des probl\u00e8mes techniques.<\/p>\n\n\n\n<p>Toutes les offres sont sans engagement. L'auteur se r\u00e9serve express\u00e9ment le droit de modifier, de compl\u00e9ter ou de supprimer des parties de pages ou l'ensemble de l'offre sans avis pr\u00e9alable, ou d'en suspendre temporairement ou d\u00e9finitivement la publication.<\/p>\n\n\n\n<p><strong>Clause de non-responsabilit\u00e9 pour les contenus et les liens<\/strong><br\/>Les r\u00e9f\u00e9rences et les liens vers des sites Web de tiers ne rel\u00e8vent pas de notre responsabilit\u00e9. Nous d\u00e9clinons toute responsabilit\u00e9 pour de tels sites. L'acc\u00e8s \u00e0 de tels sites et leur utilisation se font aux risques et p\u00e9rils de l'utilisateur concern\u00e9.<\/p>\n\n\n\n<p><strong>D\u00e9claration de droits d'auteur<\/strong><br\/>Les droits d'auteur et tous les autres droits li\u00e9s aux contenus, images, photos ou autres fichiers pr\u00e9sents sur ce site Internet sont la propri\u00e9t\u00e9 exclusive de Zurniwen's Telemark Zermatt AG ou des d\u00e9tenteurs de droits sp\u00e9cialement cit\u00e9s. Pour la reproduction de tout \u00e9l\u00e9ment, l'accord \u00e9crit du d\u00e9tenteur des droits d'auteur doit \u00eatre obtenu au pr\u00e9alable.<\/p>\n\n\n\n<p><strong>Source<\/strong>: <a href=\"https:\/\/brainbox.swiss\/\">BrainBox Solutions<\/a><\/p>\n\n\n\n<div style=\"height:50px\" aria-hidden=\"true\" class=\"wp-block-spacer\"><\/div>\n\n\n\n<h2 class=\"wp-block-heading\">Webdesign du Haut-Valais<\/h2>\n\n\n\n<p><a href=\"https:\/\/www.augensaft.com\">jus de l'\u0153il.com<\/a><\/p>\n<\/div><\/div>\n","protected":false},"excerpt":{"rendered":"<p>Instance responsable :Zurniwen's Telemark Zermatt AGSchluhmattstrasse 643920 ZermattSuisseE-mail : info@haustelemark.ch Personnes autoris\u00e9es \u00e0 repr\u00e9senter l'entrepriseStephanie Zurniwen Nom de la soci\u00e9t\u00e9: Zurniwen's Telemark Zermatt AGNum\u00e9ro d'enregistrement: CHE-447.223.182Num\u00e9ro d'identification de la taxe sur la valeur ajout\u00e9e: CHE-447.223.182 TVA Clause de non-responsabilit\u00e9L'auteur ne garantit pas la v\u00e9racit\u00e9, l'exactitude, l'actualit\u00e9, la fiabilit\u00e9 et l'exhaustivit\u00e9 des informations.L'auteur ne saurait \u00eatre [&hellip;]<\/p>\n","protected":false},"author":1,"featured_media":0,"parent":0,"menu_order":0,"comment_status":"closed","ping_status":"closed","template":"","meta":{"inline_featured_image":false,"_uag_custom_page_level_css":"","footnotes":""},"class_list":["post-471","page","type-page","status-publish","hentry"],"yoast_head":"<!-- This site is optimized with the Yoast SEO plugin v26.6 - https:\/\/yoast.com\/wordpress\/plugins\/seo\/ -->\n<title>Mentions l\u00e9gales - Ferien Wohnung in Zermatt | Zurniwen&#039;s Telemark<\/title>\n<meta name=\"robots\" content=\"index, follow, max-snippet:-1, max-image-preview:large, max-video-preview:-1\" \/>\n<link rel=\"canonical\" href=\"https:\/\/www.haustelemark.ch\/fr\/mentions-legales\/\" \/>\n<meta property=\"og:locale\" content=\"fr_FR\" \/>\n<meta property=\"og:type\" content=\"article\" \/>\n<meta property=\"og:title\" content=\"Mentions l\u00e9gales - Ferien Wohnung in Zermatt | Zurniwen&#039;s Telemark\" \/>\n<meta property=\"og:description\" content=\"Instance responsable :Zurniwen&#039;s Telemark Zermatt AGSchluhmattstrasse 643920 ZermattSuisseE-mail : info@haustelemark.ch Personnes autoris\u00e9es \u00e0 repr\u00e9senter l&#039;entrepriseStephanie Zurniwen Nom de la soci\u00e9t\u00e9: Zurniwen&#039;s Telemark Zermatt AGNum\u00e9ro d&#039;enregistrement: CHE-447.223.182Num\u00e9ro d&#039;identification de la taxe sur la valeur ajout\u00e9e: CHE-447.223.182 TVA Clause de non-responsabilit\u00e9L&#039;auteur ne garantit pas la v\u00e9racit\u00e9, l&#039;exactitude, l&#039;actualit\u00e9, la fiabilit\u00e9 et l&#039;exhaustivit\u00e9 des informations.L&#039;auteur ne saurait \u00eatre [&hellip;]\" \/>\n<meta property=\"og:url\" content=\"https:\/\/www.haustelemark.ch\/fr\/mentions-legales\/\" \/>\n<meta property=\"og:site_name\" content=\"Ferien Wohnung in Zermatt | Zurniwen&#039;s Telemark\" \/>\n<meta property=\"article:publisher\" content=\"https:\/\/www.facebook.com\/ZurniwensTelemark\/\" \/>\n<meta property=\"article:modified_time\" content=\"2026-01-06T13:18:08+00:00\" \/>\n<meta name=\"twitter:card\" content=\"summary_large_image\" \/>\n<meta name=\"twitter:label1\" content=\"Dur\u00e9e de lecture estim\u00e9e\" \/>\n\t<meta name=\"twitter:data1\" content=\"1 minute\" \/>\n<script type=\"application\/ld+json\" class=\"yoast-schema-graph\">{\"@context\":\"https:\/\/schema.org\",\"@graph\":[{\"@type\":\"WebPage\",\"@id\":\"https:\/\/www.haustelemark.ch\/fr\/mentions-legales\/\",\"url\":\"https:\/\/www.haustelemark.ch\/fr\/mentions-legales\/\",\"name\":\"Mentions l\u00e9gales - Ferien Wohnung in Zermatt | Zurniwen&#039;s Telemark\",\"isPartOf\":{\"@id\":\"https:\/\/www.haustelemark.ch\/fr\/#website\"},\"datePublished\":\"2023-12-15T17:17:07+00:00\",\"dateModified\":\"2026-01-06T13:18:08+00:00\",\"breadcrumb\":{\"@id\":\"https:\/\/www.haustelemark.ch\/fr\/mentions-legales\/#breadcrumb\"},\"inLanguage\":\"fr-FR\",\"potentialAction\":[{\"@type\":\"ReadAction\",\"target\":[\"https:\/\/www.haustelemark.ch\/fr\/mentions-legales\/\"]}]},{\"@type\":\"BreadcrumbList\",\"@id\":\"https:\/\/www.haustelemark.ch\/fr\/mentions-legales\/#breadcrumb\",\"itemListElement\":[{\"@type\":\"ListItem\",\"position\":1,\"name\":\"Startseite\",\"item\":\"https:\/\/www.haustelemark.ch\/fr\/\"},{\"@type\":\"ListItem\",\"position\":2,\"name\":\"Mentions l\u00e9gales\"}]},{\"@type\":\"WebSite\",\"@id\":\"https:\/\/www.haustelemark.ch\/fr\/#website\",\"url\":\"https:\/\/www.haustelemark.ch\/fr\/\",\"name\":\"Ferienwohnung in Zermatt | Zurniwen's Telemark\",\"description\":\"\",\"publisher\":{\"@id\":\"https:\/\/www.haustelemark.ch\/fr\/#organization\"},\"potentialAction\":[{\"@type\":\"SearchAction\",\"target\":{\"@type\":\"EntryPoint\",\"urlTemplate\":\"https:\/\/www.haustelemark.ch\/fr\/?s={search_term_string}\"},\"query-input\":{\"@type\":\"PropertyValueSpecification\",\"valueRequired\":true,\"valueName\":\"search_term_string\"}}],\"inLanguage\":\"fr-FR\"},{\"@type\":\"Organization\",\"@id\":\"https:\/\/www.haustelemark.ch\/fr\/#organization\",\"name\":\"Ferienwohnung in Zermatt | Zurniwen's Telemark\",\"url\":\"https:\/\/www.haustelemark.ch\/fr\/\",\"logo\":{\"@type\":\"ImageObject\",\"inLanguage\":\"fr-FR\",\"@id\":\"https:\/\/www.haustelemark.ch\/fr\/#\/schema\/logo\/image\/\",\"url\":\"https:\/\/www.haustelemark.ch\/wp-content\/uploads\/2023\/12\/favicon.png\",\"contentUrl\":\"https:\/\/www.haustelemark.ch\/wp-content\/uploads\/2023\/12\/favicon.png\",\"width\":310,\"height\":310,\"caption\":\"Ferienwohnung in Zermatt | Zurniwen's Telemark\"},\"image\":{\"@id\":\"https:\/\/www.haustelemark.ch\/fr\/#\/schema\/logo\/image\/\"},\"sameAs\":[\"https:\/\/www.facebook.com\/ZurniwensTelemark\/\"]}]}<\/script>\n<!-- \/ Yoast SEO plugin. -->","yoast_head_json":{"title":"Mentions l\u00e9gales - Ferien Wohnung in Zermatt | Zurniwen&#039;s Telemark","robots":{"index":"index","follow":"follow","max-snippet":"max-snippet:-1","max-image-preview":"max-image-preview:large","max-video-preview":"max-video-preview:-1"},"canonical":"https:\/\/www.haustelemark.ch\/fr\/mentions-legales\/","og_locale":"fr_FR","og_type":"article","og_title":"Mentions l\u00e9gales - Ferien Wohnung in Zermatt | Zurniwen&#039;s Telemark","og_description":"Instance responsable :Zurniwen's Telemark Zermatt AGSchluhmattstrasse 643920 ZermattSuisseE-mail : info@haustelemark.ch Personnes autoris\u00e9es \u00e0 repr\u00e9senter l'entrepriseStephanie Zurniwen Nom de la soci\u00e9t\u00e9: Zurniwen's Telemark Zermatt AGNum\u00e9ro d'enregistrement: CHE-447.223.182Num\u00e9ro d'identification de la taxe sur la valeur ajout\u00e9e: CHE-447.223.182 TVA Clause de non-responsabilit\u00e9L'auteur ne garantit pas la v\u00e9racit\u00e9, l'exactitude, l'actualit\u00e9, la fiabilit\u00e9 et l'exhaustivit\u00e9 des informations.L'auteur ne saurait \u00eatre [&hellip;]","og_url":"https:\/\/www.haustelemark.ch\/fr\/mentions-legales\/","og_site_name":"Ferien Wohnung in Zermatt | Zurniwen&#039;s Telemark","article_publisher":"https:\/\/www.facebook.com\/ZurniwensTelemark\/","article_modified_time":"2026-01-06T13:18:08+00:00","twitter_card":"summary_large_image","twitter_misc":{"Dur\u00e9e de lecture estim\u00e9e":"1 minute"},"schema":{"@context":"https:\/\/schema.org","@graph":[{"@type":"WebPage","@id":"https:\/\/www.haustelemark.ch\/fr\/mentions-legales\/","url":"https:\/\/www.haustelemark.ch\/fr\/mentions-legales\/","name":"Mentions l\u00e9gales - Ferien Wohnung in Zermatt | Zurniwen&#039;s Telemark","isPartOf":{"@id":"https:\/\/www.haustelemark.ch\/fr\/#website"},"datePublished":"2023-12-15T17:17:07+00:00","dateModified":"2026-01-06T13:18:08+00:00","breadcrumb":{"@id":"https:\/\/www.haustelemark.ch\/fr\/mentions-legales\/#breadcrumb"},"inLanguage":"fr-FR","potentialAction":[{"@type":"ReadAction","target":["https:\/\/www.haustelemark.ch\/fr\/mentions-legales\/"]}]},{"@type":"BreadcrumbList","@id":"https:\/\/www.haustelemark.ch\/fr\/mentions-legales\/#breadcrumb","itemListElement":[{"@type":"ListItem","position":1,"name":"Startseite","item":"https:\/\/www.haustelemark.ch\/fr\/"},{"@type":"ListItem","position":2,"name":"Mentions l\u00e9gales"}]},{"@type":"WebSite","@id":"https:\/\/www.haustelemark.ch\/fr\/#website","url":"https:\/\/www.haustelemark.ch\/fr\/","name":"Ferienwohnung in Zermatt | Zurniwen's Telemark","description":"","publisher":{"@id":"https:\/\/www.haustelemark.ch\/fr\/#organization"},"potentialAction":[{"@type":"SearchAction","target":{"@type":"EntryPoint","urlTemplate":"https:\/\/www.haustelemark.ch\/fr\/?s={search_term_string}"},"query-input":{"@type":"PropertyValueSpecification","valueRequired":true,"valueName":"search_term_string"}}],"inLanguage":"fr-FR"},{"@type":"Organization","@id":"https:\/\/www.haustelemark.ch\/fr\/#organization","name":"Ferienwohnung in Zermatt | Zurniwen's Telemark","url":"https:\/\/www.haustelemark.ch\/fr\/","logo":{"@type":"ImageObject","inLanguage":"fr-FR","@id":"https:\/\/www.haustelemark.ch\/fr\/#\/schema\/logo\/image\/","url":"https:\/\/www.haustelemark.ch\/wp-content\/uploads\/2023\/12\/favicon.png","contentUrl":"https:\/\/www.haustelemark.ch\/wp-content\/uploads\/2023\/12\/favicon.png","width":310,"height":310,"caption":"Ferienwohnung in Zermatt | Zurniwen's Telemark"},"image":{"@id":"https:\/\/www.haustelemark.ch\/fr\/#\/schema\/logo\/image\/"},"sameAs":["https:\/\/www.facebook.com\/ZurniwensTelemark\/"]}]}},"uagb_featured_image_src":{"full":false,"thumbnail":false,"medium":false,"medium_large":false,"large":false,"1536x1536":false,"2048x2048":false},"uagb_author_info":{"display_name":"admin","author_link":"https:\/\/www.haustelemark.ch\/fr\/author\/info_9on7b1g4\/"},"uagb_comment_info":0,"uagb_excerpt":"Instance responsable :Zurniwen's Telemark Zermatt AGSchluhmattstrasse 643920 ZermattSuisseE-mail : info@haustelemark.ch Personnes autoris\u00e9es \u00e0 repr\u00e9senter l'entrepriseStephanie Zurniwen Nom de la soci\u00e9t\u00e9: Zurniwen's Telemark Zermatt AGNum\u00e9ro d'enregistrement: CHE-447.223.182Num\u00e9ro d'identification de la taxe sur la valeur ajout\u00e9e: CHE-447.223.182 TVA Clause de non-responsabilit\u00e9L'auteur ne garantit pas la v\u00e9racit\u00e9, l'exactitude, l'actualit\u00e9, la fiabilit\u00e9 et l'exhaustivit\u00e9 des informations.L'auteur ne saurait \u00eatre\u2026","_links":{"self":[{"href":"https:\/\/www.haustelemark.ch\/fr\/wp-json\/wp\/v2\/pages\/471","targetHints":{"allow":["GET"]}}],"collection":[{"href":"https:\/\/www.haustelemark.ch\/fr\/wp-json\/wp\/v2\/pages"}],"about":[{"href":"https:\/\/www.haustelemark.ch\/fr\/wp-json\/wp\/v2\/types\/page"}],"author":[{"embeddable":true,"href":"https:\/\/www.haustelemark.ch\/fr\/wp-json\/wp\/v2\/users\/1"}],"replies":[{"embeddable":true,"href":"https:\/\/www.haustelemark.ch\/fr\/wp-json\/wp\/v2\/comments?post=471"}],"version-history":[{"count":6,"href":"https:\/\/www.haustelemark.ch\/fr\/wp-json\/wp\/v2\/pages\/471\/revisions"}],"predecessor-version":[{"id":597,"href":"https:\/\/www.haustelemark.ch\/fr\/wp-json\/wp\/v2\/pages\/471\/revisions\/597"}],"wp:attachment":[{"href":"https:\/\/www.haustelemark.ch\/fr\/wp-json\/wp\/v2\/media?parent=471"}],"curies":[{"name":"wp","href":"https:\/\/api.w.org\/{rel}","templated":true}]}}