{"id":451,"date":"2023-11-02T18:50:13","date_gmt":"2023-11-02T17:50:13","guid":{"rendered":"https:\/\/ferien-wohnung-zermatt.ch\/situation-arrivee\/"},"modified":"2024-08-28T13:45:33","modified_gmt":"2024-08-28T12:45:33","slug":"situation-arrivee","status":"publish","type":"page","link":"https:\/\/www.haustelemark.ch\/fr\/situation-arrivee\/","title":{"rendered":"Situation \/ Arriv\u00e9e"},"content":{"rendered":"\n<div class=\"wp-block-uagb-container uagb-block-6222d61b alignfull uagb-is-root-container\"><div class=\"uagb-container-inner-blocks-wrap\">\n<div style=\"height:50px\" aria-hidden=\"true\" class=\"wp-block-spacer\"><\/div>\n\n\n<h1 style=\"color:#fffffc;\" class=\"has-text-align-center wp-block-post-title has-text-color\">Situation \/ Arriv\u00e9e<\/h1><\/div><\/div>\n\n<div class=\"wp-block-uagb-container uagb-block-63419acb alignfull uagb-is-root-container\"><div class=\"uagb-container-inner-blocks-wrap\">\n<div class=\"wp-block-uagb-container uagb-block-60f33526\">\n<h2 class=\"wp-block-heading\">Juste \u00e0 c\u00f4t\u00e9 de la t\u00e9l\u00e9cabine menant au paradis !<\/h2>\n\n\n\n<p>La maison Telemark se trouve \u00e0 quelques pas du t\u00e9l\u00e9ph\u00e9rique Klein Matterhorn \/ Cervinia et Furi \/ Riffelberg. La descente de la vall\u00e9e s'arr\u00eate devant votre porte. Le funiculaire qui vous m\u00e8ne au domaine skiable et de randonn\u00e9e Sunnegga \/ Unterrothorn est facilement accessible en bus.<br\/><br\/>Le centre du village, avec ses nombreux restaurants, bars, bo\u00eetes de nuit et magasins, se trouve \u00e0 environ 10 minutes \u00e0 pied.<\/p>\n\n\n\n<div style=\"height:20px\" aria-hidden=\"true\" class=\"wp-block-spacer\"><\/div>\n\n\n\n<h2 class=\"wp-block-heading\">Arriv\u00e9e<\/h2>\n\n\n\n<p>A Zermatt, qui est une zone sans voitures, vous disposez de plusieurs possibilit\u00e9s d'acc\u00e8s confortables. Arriver en train n'offre pas seulement un moyen de transport efficace, mais aussi une exp\u00e9rience unique. \u00c0 votre arriv\u00e9e \u00e0 Zermatt, des taxis \u00e9lectriques vous attendent \u00e0 la gare pour vous emmener confortablement jusqu'\u00e0 la maison Telemark.<\/p>\n\n\n\n<p>Pour les clients qui arrivent en voiture, le trajet se termine \u00e0 T\u00e4sch, \u00e0 seulement 5 km de Zermatt. Vous pourrez y garer facilement votre v\u00e9hicule dans l'un des parkings ou garages. La suite du voyage jusqu'\u00e0 Zermatt se fait soit en train, le trajet de 12 minutes \u00e9tant propos\u00e9 toutes les 20 minutes, soit en alternative avec une <a href=\"https:\/\/www.zermatt.ch\/Media\/Listen-Gewerbe\/Taxis-in-Taesch\" target=\"_blank\" rel=\"noreferrer noopener\">compagnie de taxi<\/a> jusqu'\u00e0 l'entr\u00e9e de Zermatt. La soci\u00e9t\u00e9 de taxis se fera un plaisir d'organiser un taxi \u00e9lectrique qui vous conduira jusqu'\u00e0 la maison Telemark.<\/p>\n\n\n\n<p>Les passagers a\u00e9riens qui souhaitent visiter Zermatt peuvent prendre le train directement \u00e0 l'a\u00e9roport. La liaison au d\u00e9part de Zurich-Kloten dure environ 3 \u00bd heures, au d\u00e9part de Gen\u00e8ve-Cointrin environ 4 heures avec un changement \u00e0 Vi\u00e8ge.<\/p>\n\n\n\n<p><a href=\"https:\/\/maps.app.goo.gl\/sEHj7u7ibG5SCi8P9\" target=\"_blank\" rel=\"noreferrer noopener\">Afficher la carte<\/a><\/p>\n<\/div>\n\n\n\n<div class=\"wp-block-uagb-container uagb-block-55ba06ed\">\n<figure class=\"wp-block-image size-large\"><img loading=\"lazy\" decoding=\"async\" width=\"1024\" height=\"683\" src=\"https:\/\/www.haustelemark.ch\/wp-content\/uploads\/2023\/11\/lage-ferienwohnungen-telemark-zermatt-matterhorn-1024x683.webp\" alt=\"Situation des appartements de vacances &#xE0; Zermatt pr&#xE8;s de la t&#xE9;l&#xE9;cabine avec vue directe sur le Cervin.\" class=\"wp-image-294\" srcset=\"https:\/\/www.haustelemark.ch\/wp-content\/uploads\/2023\/11\/lage-ferienwohnungen-telemark-zermatt-matterhorn-1024x683.webp 1024w, https:\/\/www.haustelemark.ch\/wp-content\/uploads\/2023\/11\/lage-ferienwohnungen-telemark-zermatt-matterhorn-300x200.webp 300w, https:\/\/www.haustelemark.ch\/wp-content\/uploads\/2023\/11\/lage-ferienwohnungen-telemark-zermatt-matterhorn-768x512.webp 768w, https:\/\/www.haustelemark.ch\/wp-content\/uploads\/2023\/11\/lage-ferienwohnungen-telemark-zermatt-matterhorn.webp 1200w\" sizes=\"auto, (max-width: 1024px) 100vw, 1024px\" \/><\/figure>\n\n\n\n<figure class=\"wp-block-image size-large\"><img loading=\"lazy\" decoding=\"async\" width=\"1024\" height=\"683\" src=\"https:\/\/www.haustelemark.ch\/wp-content\/uploads\/2023\/11\/anreise-lage-zurniwens-telemark-zermatt-1024x683.webp\" alt=\"Acc&#xE8;s et situation Zurniwens Telemark avec vue sur le Cervin\" class=\"wp-image-322\" srcset=\"https:\/\/www.haustelemark.ch\/wp-content\/uploads\/2023\/11\/anreise-lage-zurniwens-telemark-zermatt-1024x683.webp 1024w, https:\/\/www.haustelemark.ch\/wp-content\/uploads\/2023\/11\/anreise-lage-zurniwens-telemark-zermatt-300x200.webp 300w, https:\/\/www.haustelemark.ch\/wp-content\/uploads\/2023\/11\/anreise-lage-zurniwens-telemark-zermatt-768x512.webp 768w, https:\/\/www.haustelemark.ch\/wp-content\/uploads\/2023\/11\/anreise-lage-zurniwens-telemark-zermatt.webp 1200w\" sizes=\"auto, (max-width: 1024px) 100vw, 1024px\" \/><\/figure>\n\n\n\n<figure class=\"wp-block-image size-large\"><img loading=\"lazy\" decoding=\"async\" width=\"1024\" height=\"683\" src=\"https:\/\/www.haustelemark.ch\/wp-content\/uploads\/2023\/11\/detail-fruehstueck-ferien-wohnung-zurniwen-zermatt-1024x683.webp\" alt=\"Table du petit-d&#xE9;jeuner dans la maison Telemark &#xE0; Zermatt\" class=\"wp-image-324\" srcset=\"https:\/\/www.haustelemark.ch\/wp-content\/uploads\/2023\/11\/detail-fruehstueck-ferien-wohnung-zurniwen-zermatt-1024x683.webp 1024w, https:\/\/www.haustelemark.ch\/wp-content\/uploads\/2023\/11\/detail-fruehstueck-ferien-wohnung-zurniwen-zermatt-300x200.webp 300w, https:\/\/www.haustelemark.ch\/wp-content\/uploads\/2023\/11\/detail-fruehstueck-ferien-wohnung-zurniwen-zermatt-768x512.webp 768w, https:\/\/www.haustelemark.ch\/wp-content\/uploads\/2023\/11\/detail-fruehstueck-ferien-wohnung-zurniwen-zermatt.webp 1200w\" sizes=\"auto, (max-width: 1024px) 100vw, 1024px\" \/><\/figure>\n<\/div>\n<\/div><\/div>\n","protected":false},"excerpt":{"rendered":"<p>Juste \u00e0 c\u00f4t\u00e9 de la t\u00e9l\u00e9cabine menant au paradis ! La maison Telemark se trouve \u00e0 quelques pas du t\u00e9l\u00e9ph\u00e9rique Klein Matterhorn \/ Cervinia et Furi \/ Riffelberg. La descente de la vall\u00e9e s'arr\u00eate devant votre porte. Le funiculaire qui vous m\u00e8ne au domaine skiable et de randonn\u00e9e Sunnegga \/ Unterrothorn est facilement accessible en [&hellip;]<\/p>\n","protected":false},"author":1,"featured_media":0,"parent":0,"menu_order":0,"comment_status":"closed","ping_status":"closed","template":"","meta":{"inline_featured_image":false,"_uag_custom_page_level_css":"","footnotes":""},"class_list":["post-451","page","type-page","status-publish","hentry"],"yoast_head":"<!-- This site is optimized with the Yoast SEO plugin v26.6 - https:\/\/yoast.com\/wordpress\/plugins\/seo\/ -->\n<title>Situation \/ Arriv\u00e9e - Ferien Wohnung in Zermatt | Zurniwen&#039;s Telemark<\/title>\n<meta name=\"robots\" content=\"index, follow, max-snippet:-1, max-image-preview:large, max-video-preview:-1\" \/>\n<link rel=\"canonical\" href=\"https:\/\/www.haustelemark.ch\/fr\/situation-arrivee\/\" \/>\n<meta property=\"og:locale\" content=\"fr_FR\" \/>\n<meta property=\"og:type\" content=\"article\" \/>\n<meta property=\"og:title\" content=\"Situation \/ Arriv\u00e9e - Ferien Wohnung in Zermatt | Zurniwen&#039;s Telemark\" \/>\n<meta property=\"og:description\" content=\"Juste \u00e0 c\u00f4t\u00e9 de la t\u00e9l\u00e9cabine menant au paradis ! La maison Telemark se trouve \u00e0 quelques pas du t\u00e9l\u00e9ph\u00e9rique Klein Matterhorn \/ Cervinia et Furi \/ Riffelberg. La descente de la vall\u00e9e s&#039;arr\u00eate devant votre porte. Le funiculaire qui vous m\u00e8ne au domaine skiable et de randonn\u00e9e Sunnegga \/ Unterrothorn est facilement accessible en [&hellip;]\" \/>\n<meta property=\"og:url\" content=\"https:\/\/www.haustelemark.ch\/fr\/situation-arrivee\/\" \/>\n<meta property=\"og:site_name\" content=\"Ferien Wohnung in Zermatt | Zurniwen&#039;s Telemark\" \/>\n<meta property=\"article:publisher\" content=\"https:\/\/www.facebook.com\/ZurniwensTelemark\/\" \/>\n<meta property=\"article:modified_time\" content=\"2024-08-28T12:45:33+00:00\" \/>\n<meta property=\"og:image\" content=\"https:\/\/www.haustelemark.ch\/wp-content\/uploads\/2023\/11\/lage-ferienwohnungen-telemark-zermatt-matterhorn-1024x683.webp\" \/>\n<meta name=\"twitter:card\" content=\"summary_large_image\" \/>\n<meta name=\"twitter:label1\" content=\"Dur\u00e9e de lecture estim\u00e9e\" \/>\n\t<meta name=\"twitter:data1\" content=\"1 minute\" \/>\n<script type=\"application\/ld+json\" class=\"yoast-schema-graph\">{\"@context\":\"https:\/\/schema.org\",\"@graph\":[{\"@type\":\"WebPage\",\"@id\":\"https:\/\/www.haustelemark.ch\/fr\/situation-arrivee\/\",\"url\":\"https:\/\/www.haustelemark.ch\/fr\/situation-arrivee\/\",\"name\":\"Situation \/ Arriv\u00e9e - Ferien Wohnung in Zermatt | Zurniwen&#039;s Telemark\",\"isPartOf\":{\"@id\":\"https:\/\/www.haustelemark.ch\/fr\/#website\"},\"primaryImageOfPage\":{\"@id\":\"https:\/\/www.haustelemark.ch\/fr\/situation-arrivee\/#primaryimage\"},\"image\":{\"@id\":\"https:\/\/www.haustelemark.ch\/fr\/situation-arrivee\/#primaryimage\"},\"thumbnailUrl\":\"https:\/\/www.haustelemark.ch\/wp-content\/uploads\/2023\/11\/lage-ferienwohnungen-telemark-zermatt-matterhorn-1024x683.webp\",\"datePublished\":\"2023-11-02T17:50:13+00:00\",\"dateModified\":\"2024-08-28T12:45:33+00:00\",\"breadcrumb\":{\"@id\":\"https:\/\/www.haustelemark.ch\/fr\/situation-arrivee\/#breadcrumb\"},\"inLanguage\":\"fr-FR\",\"potentialAction\":[{\"@type\":\"ReadAction\",\"target\":[\"https:\/\/www.haustelemark.ch\/fr\/situation-arrivee\/\"]}]},{\"@type\":\"ImageObject\",\"inLanguage\":\"fr-FR\",\"@id\":\"https:\/\/www.haustelemark.ch\/fr\/situation-arrivee\/#primaryimage\",\"url\":\"https:\/\/www.haustelemark.ch\/wp-content\/uploads\/2023\/11\/lage-ferienwohnungen-telemark-zermatt-matterhorn-1024x683.webp\",\"contentUrl\":\"https:\/\/www.haustelemark.ch\/wp-content\/uploads\/2023\/11\/lage-ferienwohnungen-telemark-zermatt-matterhorn-1024x683.webp\"},{\"@type\":\"BreadcrumbList\",\"@id\":\"https:\/\/www.haustelemark.ch\/fr\/situation-arrivee\/#breadcrumb\",\"itemListElement\":[{\"@type\":\"ListItem\",\"position\":1,\"name\":\"Startseite\",\"item\":\"https:\/\/www.haustelemark.ch\/fr\/\"},{\"@type\":\"ListItem\",\"position\":2,\"name\":\"Situation \/ Arriv\u00e9e\"}]},{\"@type\":\"WebSite\",\"@id\":\"https:\/\/www.haustelemark.ch\/fr\/#website\",\"url\":\"https:\/\/www.haustelemark.ch\/fr\/\",\"name\":\"Ferienwohnung in Zermatt | Zurniwen's Telemark\",\"description\":\"\",\"publisher\":{\"@id\":\"https:\/\/www.haustelemark.ch\/fr\/#organization\"},\"potentialAction\":[{\"@type\":\"SearchAction\",\"target\":{\"@type\":\"EntryPoint\",\"urlTemplate\":\"https:\/\/www.haustelemark.ch\/fr\/?s={search_term_string}\"},\"query-input\":{\"@type\":\"PropertyValueSpecification\",\"valueRequired\":true,\"valueName\":\"search_term_string\"}}],\"inLanguage\":\"fr-FR\"},{\"@type\":\"Organization\",\"@id\":\"https:\/\/www.haustelemark.ch\/fr\/#organization\",\"name\":\"Ferienwohnung in Zermatt | Zurniwen's Telemark\",\"url\":\"https:\/\/www.haustelemark.ch\/fr\/\",\"logo\":{\"@type\":\"ImageObject\",\"inLanguage\":\"fr-FR\",\"@id\":\"https:\/\/www.haustelemark.ch\/fr\/#\/schema\/logo\/image\/\",\"url\":\"https:\/\/www.haustelemark.ch\/wp-content\/uploads\/2023\/12\/favicon.png\",\"contentUrl\":\"https:\/\/www.haustelemark.ch\/wp-content\/uploads\/2023\/12\/favicon.png\",\"width\":310,\"height\":310,\"caption\":\"Ferienwohnung in Zermatt | Zurniwen's Telemark\"},\"image\":{\"@id\":\"https:\/\/www.haustelemark.ch\/fr\/#\/schema\/logo\/image\/\"},\"sameAs\":[\"https:\/\/www.facebook.com\/ZurniwensTelemark\/\"]}]}<\/script>\n<!-- \/ Yoast SEO plugin. -->","yoast_head_json":{"title":"Situation \/ Arriv\u00e9e - Ferien Wohnung in Zermatt | Zurniwen&#039;s Telemark","robots":{"index":"index","follow":"follow","max-snippet":"max-snippet:-1","max-image-preview":"max-image-preview:large","max-video-preview":"max-video-preview:-1"},"canonical":"https:\/\/www.haustelemark.ch\/fr\/situation-arrivee\/","og_locale":"fr_FR","og_type":"article","og_title":"Situation \/ Arriv\u00e9e - Ferien Wohnung in Zermatt | Zurniwen&#039;s Telemark","og_description":"Juste \u00e0 c\u00f4t\u00e9 de la t\u00e9l\u00e9cabine menant au paradis ! La maison Telemark se trouve \u00e0 quelques pas du t\u00e9l\u00e9ph\u00e9rique Klein Matterhorn \/ Cervinia et Furi \/ Riffelberg. La descente de la vall\u00e9e s'arr\u00eate devant votre porte. Le funiculaire qui vous m\u00e8ne au domaine skiable et de randonn\u00e9e Sunnegga \/ Unterrothorn est facilement accessible en [&hellip;]","og_url":"https:\/\/www.haustelemark.ch\/fr\/situation-arrivee\/","og_site_name":"Ferien Wohnung in Zermatt | Zurniwen&#039;s Telemark","article_publisher":"https:\/\/www.facebook.com\/ZurniwensTelemark\/","article_modified_time":"2024-08-28T12:45:33+00:00","og_image":[{"url":"https:\/\/www.haustelemark.ch\/wp-content\/uploads\/2023\/11\/lage-ferienwohnungen-telemark-zermatt-matterhorn-1024x683.webp","type":"","width":"","height":""}],"twitter_card":"summary_large_image","twitter_misc":{"Dur\u00e9e de lecture estim\u00e9e":"1 minute"},"schema":{"@context":"https:\/\/schema.org","@graph":[{"@type":"WebPage","@id":"https:\/\/www.haustelemark.ch\/fr\/situation-arrivee\/","url":"https:\/\/www.haustelemark.ch\/fr\/situation-arrivee\/","name":"Situation \/ Arriv\u00e9e - Ferien Wohnung in Zermatt | Zurniwen&#039;s Telemark","isPartOf":{"@id":"https:\/\/www.haustelemark.ch\/fr\/#website"},"primaryImageOfPage":{"@id":"https:\/\/www.haustelemark.ch\/fr\/situation-arrivee\/#primaryimage"},"image":{"@id":"https:\/\/www.haustelemark.ch\/fr\/situation-arrivee\/#primaryimage"},"thumbnailUrl":"https:\/\/www.haustelemark.ch\/wp-content\/uploads\/2023\/11\/lage-ferienwohnungen-telemark-zermatt-matterhorn-1024x683.webp","datePublished":"2023-11-02T17:50:13+00:00","dateModified":"2024-08-28T12:45:33+00:00","breadcrumb":{"@id":"https:\/\/www.haustelemark.ch\/fr\/situation-arrivee\/#breadcrumb"},"inLanguage":"fr-FR","potentialAction":[{"@type":"ReadAction","target":["https:\/\/www.haustelemark.ch\/fr\/situation-arrivee\/"]}]},{"@type":"ImageObject","inLanguage":"fr-FR","@id":"https:\/\/www.haustelemark.ch\/fr\/situation-arrivee\/#primaryimage","url":"https:\/\/www.haustelemark.ch\/wp-content\/uploads\/2023\/11\/lage-ferienwohnungen-telemark-zermatt-matterhorn-1024x683.webp","contentUrl":"https:\/\/www.haustelemark.ch\/wp-content\/uploads\/2023\/11\/lage-ferienwohnungen-telemark-zermatt-matterhorn-1024x683.webp"},{"@type":"BreadcrumbList","@id":"https:\/\/www.haustelemark.ch\/fr\/situation-arrivee\/#breadcrumb","itemListElement":[{"@type":"ListItem","position":1,"name":"Startseite","item":"https:\/\/www.haustelemark.ch\/fr\/"},{"@type":"ListItem","position":2,"name":"Situation \/ Arriv\u00e9e"}]},{"@type":"WebSite","@id":"https:\/\/www.haustelemark.ch\/fr\/#website","url":"https:\/\/www.haustelemark.ch\/fr\/","name":"Ferienwohnung in Zermatt | Zurniwen's Telemark","description":"","publisher":{"@id":"https:\/\/www.haustelemark.ch\/fr\/#organization"},"potentialAction":[{"@type":"SearchAction","target":{"@type":"EntryPoint","urlTemplate":"https:\/\/www.haustelemark.ch\/fr\/?s={search_term_string}"},"query-input":{"@type":"PropertyValueSpecification","valueRequired":true,"valueName":"search_term_string"}}],"inLanguage":"fr-FR"},{"@type":"Organization","@id":"https:\/\/www.haustelemark.ch\/fr\/#organization","name":"Ferienwohnung in Zermatt | Zurniwen's Telemark","url":"https:\/\/www.haustelemark.ch\/fr\/","logo":{"@type":"ImageObject","inLanguage":"fr-FR","@id":"https:\/\/www.haustelemark.ch\/fr\/#\/schema\/logo\/image\/","url":"https:\/\/www.haustelemark.ch\/wp-content\/uploads\/2023\/12\/favicon.png","contentUrl":"https:\/\/www.haustelemark.ch\/wp-content\/uploads\/2023\/12\/favicon.png","width":310,"height":310,"caption":"Ferienwohnung in Zermatt | Zurniwen's Telemark"},"image":{"@id":"https:\/\/www.haustelemark.ch\/fr\/#\/schema\/logo\/image\/"},"sameAs":["https:\/\/www.facebook.com\/ZurniwensTelemark\/"]}]}},"uagb_featured_image_src":{"full":false,"thumbnail":false,"medium":false,"medium_large":false,"large":false,"1536x1536":false,"2048x2048":false},"uagb_author_info":{"display_name":"admin","author_link":"https:\/\/www.haustelemark.ch\/fr\/author\/info_9on7b1g4\/"},"uagb_comment_info":0,"uagb_excerpt":"Juste \u00e0 c\u00f4t\u00e9 de la t\u00e9l\u00e9cabine menant au paradis ! La maison Telemark se trouve \u00e0 quelques pas du t\u00e9l\u00e9ph\u00e9rique Klein Matterhorn \/ Cervinia et Furi \/ Riffelberg. La descente de la vall\u00e9e s'arr\u00eate devant votre porte. Le funiculaire qui vous m\u00e8ne au domaine skiable et de randonn\u00e9e Sunnegga \/ Unterrothorn est facilement accessible en\u2026","_links":{"self":[{"href":"https:\/\/www.haustelemark.ch\/fr\/wp-json\/wp\/v2\/pages\/451","targetHints":{"allow":["GET"]}}],"collection":[{"href":"https:\/\/www.haustelemark.ch\/fr\/wp-json\/wp\/v2\/pages"}],"about":[{"href":"https:\/\/www.haustelemark.ch\/fr\/wp-json\/wp\/v2\/types\/page"}],"author":[{"embeddable":true,"href":"https:\/\/www.haustelemark.ch\/fr\/wp-json\/wp\/v2\/users\/1"}],"replies":[{"embeddable":true,"href":"https:\/\/www.haustelemark.ch\/fr\/wp-json\/wp\/v2\/comments?post=451"}],"version-history":[{"count":3,"href":"https:\/\/www.haustelemark.ch\/fr\/wp-json\/wp\/v2\/pages\/451\/revisions"}],"predecessor-version":[{"id":470,"href":"https:\/\/www.haustelemark.ch\/fr\/wp-json\/wp\/v2\/pages\/451\/revisions\/470"}],"wp:attachment":[{"href":"https:\/\/www.haustelemark.ch\/fr\/wp-json\/wp\/v2\/media?parent=451"}],"curies":[{"name":"wp","href":"https:\/\/api.w.org\/{rel}","templated":true}]}}